{"id":1296,"date":"2019-01-18T14:11:43","date_gmt":"2019-01-18T19:11:43","guid":{"rendered":"https:\/\/jmlinc.com\/?page_id=1296"},"modified":"2024-11-13T10:30:25","modified_gmt":"2024-11-13T15:30:25","slug":"testimonials","status":"publish","type":"page","link":"https:\/\/jmlinc.com\/en\/testimonials\/","title":{"rendered":"Testimonials"},"content":{"rendered":"<div class=\"wpb-content-wrapper\">[vc_row][vc_column width=&#8221;1\/6&#8243;][\/vc_column][vc_column width=&#8221;2\/3&#8243;][\/vc_column][vc_column width=&#8221;1\/6&#8243;][\/vc_column][\/vc_row][vc_row][vc_column][mk_fancy_title tag_name=&#8221;span&#8221; force_font_size=&#8221;true&#8221; font_family=&#8221;none&#8221;]\n<h1 style=\"text-align: center;\">Did you like your experience at JML Inc?<\/h1>\n[\/mk_fancy_title][vc_column_text align=&#8221;center&#8221; css=&#8221;.vc_custom_1675864598974{margin-bottom: 0px !important;}&#8221;]Your opinion is very important to us. We greatly appreciate receiving your feedback in order to provide you with exceptional customer experience. Looking forward to reading you![\/vc_column_text][vc_row_inner css=&#8221;.vc_custom_1675864495509{padding-top: 10px !important;padding-bottom: 30px !important;}&#8221;][vc_column_inner width=&#8221;1\/2&#8243;][mk_button dimension=&#8221;flat&#8221; size=&#8221;large&#8221; url=&#8221;https:\/\/g.page\/r\/CQ1gxE1BvUxAEB0\/review&#8221; target=&#8221;_blank&#8221; align=&#8221;center&#8221; fullwidth=&#8221;true&#8221;]Leave a review on Google[\/mk_button][\/vc_column_inner][vc_column_inner width=&#8221;1\/2&#8243;][mk_button dimension=&#8221;flat&#8221; size=&#8221;large&#8221; url=&#8221;https:\/\/www.facebook.com\/MeublesExterieursJMLInc\/reviews&#8221; target=&#8221;_blank&#8221; align=&#8221;center&#8221; fullwidth=&#8221;true&#8221;]Leave a review on Facebook[\/mk_button][\/vc_column_inner][\/vc_row_inner][vc_column_text css=&#8221;.vc_custom_1675864323837{margin-bottom: 0px !important;}&#8221;]<div class=\"wprevpro-shortcode-wrapper\"><div class=\"wprevpro wprev-no-slider revnotsameheight\" id=\"wprev-slider-1\">\t\t\t<div class=\"wprevpro_t1_outer_div w3_wprs-row wprevprodiv\">\r\n\t\t\t\t\t<div class=\" wprevpro_t1_DIV_1 w3_wprs-col l4 outerrevdiv\">\r\n\t\t\t<div class=\"indrevdiv wprevpro_t1_DIV_2 wprev_preview_bg1_T1 wprev_preview_bradius_T1\">\r\n\t\t\t\t<div class=\"indrevtxt wprevpro_t1_P_3 wprev_preview_tcolor1_T1\">\t\t\t\t\t<span class=\"wprevpro_star_imgs_T1\"><span class=\"starloc1 wprevpro_star_imgs wprevpro_star_imgsloc1\"><span class=\"svgicons svg-wprsp-star\"><\/span><span class=\"svgicons svg-wprsp-star\"><\/span><span class=\"svgicons svg-wprsp-star\"><\/span><span class=\"svgicons svg-wprsp-star\"><\/span><span class=\"svgicons svg-wprsp-star\"><\/span><\/span><\/span>\t\t\t\t<\/div>\r\n\t\t\t\t\t\t\t\t\t\t\t\t\t\t\t\t<a href=\"https:\/\/www.google.com\/maps\/contrib\/115154450725391831427\/place\/ChIJw3wsEs0XyUwRDWDETUG9TEA\" target=\"_blank\" rel=\"nofollow noreferrer\" class=\"wprevpro_t1_site_logo_a\"><img decoding=\"async\" width=32 height=32 src=\"https:\/\/jmlinc.com\/wp-content\/plugins\/wp-review-slider-pro\/public\/partials\/imgs\/google_small_icon.svg\" alt=\"Google Logo\" class=\"wprevpro_t1_site_logo wprevsiteicon \"><\/a>\t\t\t<\/div><span class=\"wprevpro_t1_A_8\"><img decoding=\"async\" loading=\"lazy\" src=\"https:\/\/lh3.googleusercontent.com\/a-\/AD5-WCk1bq3L3uFrQE9-uDlSvLfaoj69rr3Xspdv6ktX=s240-c-c0x00000000-cc-rp-mo-ba4-br100\" alt=\"Thao Official Avatar\" class=\"wprevpro_t1_IMG_4 wprevpro_avatarimg\" \/><\/span> <div class=\"wprevpro_t1_SPAN_5 wprev_preview_tcolor2_T1\"><div class=\"wprevpro_t1_rname wprevname\" >Thao Official<\/div><div class=\"wprev_showdate_T1 wprevdate\">10\/07\/2022<\/div> <\/div>\r\n\t\t\t\r\n\t\t<\/div>\r\n\t\t\r\n\t\t\t<div class=\" wprevpro_t1_DIV_1 w3_wprs-col l4 outerrevdiv\">\r\n\t\t\t<div class=\"indrevdiv wprevpro_t1_DIV_2 wprev_preview_bg1_T1 wprev_preview_bradius_T1\">\r\n\t\t\t\t<div class=\"indrevtxt wprevpro_t1_P_3 wprev_preview_tcolor1_T1\">\t\t\t\t\t<span class=\"wprevpro_star_imgs_T1\"><span class=\"starloc1 wprevpro_star_imgs wprevpro_star_imgsloc1\"><span class=\"svgicons svg-wprsp-star\"><\/span><span class=\"svgicons svg-wprsp-star\"><\/span><span class=\"svgicons svg-wprsp-star\"><\/span><span class=\"svgicons svg-wprsp-star\"><\/span><span class=\"svgicons svg-wprsp-star\"><\/span><\/span><\/span>Helpful, down to earth staff. Great experience with this company.\t\t\t\t<\/div>\r\n\t\t\t\t\t\t\t\t\t\t\t\t\t\t\t\t<a href=\"https:\/\/www.google.com\/maps\/contrib\/110896154594834509777\/place\/ChIJw3wsEs0XyUwRDWDETUG9TEA\" target=\"_blank\" rel=\"nofollow noreferrer\" class=\"wprevpro_t1_site_logo_a\"><img decoding=\"async\" width=32 height=32 src=\"https:\/\/jmlinc.com\/wp-content\/plugins\/wp-review-slider-pro\/public\/partials\/imgs\/google_small_icon.svg\" alt=\"Google Logo\" class=\"wprevpro_t1_site_logo wprevsiteicon \"><\/a>\t\t\t<\/div><span class=\"wprevpro_t1_A_8\"><img decoding=\"async\" loading=\"lazy\" src=\"https:\/\/lh3.googleusercontent.com\/a\/AEdFTp7fd_u4re2ASUoT_Pw2JQXtX3XBGJi8--YPvvq_wA=s240-c-c0x00000000-cc-rp-mo-br100\" alt=\"Rene Doucet Avatar\" class=\"wprevpro_t1_IMG_4 wprevpro_avatarimg\" \/><\/span> <div class=\"wprevpro_t1_SPAN_5 wprev_preview_tcolor2_T1\"><div class=\"wprevpro_t1_rname wprevname\" >Rene Doucet<\/div><div class=\"wprev_showdate_T1 wprevdate\">6\/07\/2022<\/div> <\/div>\r\n\t\t\t\r\n\t\t<\/div>\r\n\t\t\r\n\t\t\t<div class=\" wprevpro_t1_DIV_1 w3_wprs-col l4 outerrevdiv\">\r\n\t\t\t<div class=\"indrevdiv wprevpro_t1_DIV_2 wprev_preview_bg1_T1 wprev_preview_bradius_T1\">\r\n\t\t\t\t<div class=\"indrevtxt wprevpro_t1_P_3 wprev_preview_tcolor1_T1\">\t\t\t\t\t<span class=\"wprevpro_star_imgs_T1\"><span class=\"starloc1 wprevpro_star_imgs wprevpro_star_imgsloc1\"><span class=\"svgicons svg-wprsp-star\"><\/span><span class=\"svgicons svg-wprsp-star\"><\/span><span class=\"svgicons svg-wprsp-star\"><\/span><span class=\"svgicons svg-wprsp-star\"><\/span><span class=\"svgicons svg-wprsp-star\"><\/span><\/span><\/span>Je tenais \u00e0 vous dire que vous \u00eates franchement \u00ab sur la coche \u00bb ! Service exceptionnel, du moment o\u00f9 je vous ai parl\u00e9 pour la premi\u00e8re fois au t\u00e9l\u00e9phone, jusqu\u2019\u00e0 la livraison ! Votre livreur\/installateur est tr\u00e8s professionnel et courtois. Vous avez r\u00e9pondu \u00e0 mes nombreux courriels avec empressement. Aucune erreur, ce qui est plut\u00f4t rarissime par les temps qui courent \ud83d\ude09. Bravo \u00e0 vous et \u00e0 votre \u00e9quipe ! Vous avez d\u00e9pass\u00e9 largement mes attentes et je vous en suis tr\u00e8s reconnaissante.\t\t\t\t<\/div>\r\n\t\t\t\t\t\t\t\t\t\t\t\t\t\t\t\t<a href=\"https:\/\/www.google.com\/maps\/contrib\/112355528638794742109\/place\/ChIJw3wsEs0XyUwRDWDETUG9TEA\" target=\"_blank\" rel=\"nofollow noreferrer\" class=\"wprevpro_t1_site_logo_a\"><img decoding=\"async\" width=32 height=32 src=\"https:\/\/jmlinc.com\/wp-content\/plugins\/wp-review-slider-pro\/public\/partials\/imgs\/google_small_icon.svg\" alt=\"Google Logo\" class=\"wprevpro_t1_site_logo wprevsiteicon \"><\/a>\t\t\t<\/div><span class=\"wprevpro_t1_A_8\"><img decoding=\"async\" loading=\"lazy\" src=\"https:\/\/lh3.googleusercontent.com\/a\/AEdFTp4TQ49rinfz4ibw_bD3K96ak1UQ4uc_7J3CJk4m=s240-c-c0x00000000-cc-rp-mo-br100\" alt=\"Isabelle Clermont Avatar\" class=\"wprevpro_t1_IMG_4 wprevpro_avatarimg\" \/><\/span> <div class=\"wprevpro_t1_SPAN_5 wprev_preview_tcolor2_T1\"><div class=\"wprevpro_t1_rname wprevname\" >Isabelle Clermont<\/div><div class=\"wprev_showdate_T1 wprevdate\">2\/07\/2021<\/div> <\/div>\r\n\t\t\t\r\n\t\t<\/div>\r\n\t\t\r\n\t\t<\/div>\r\n\t\t\t\t<div class=\"wprevpro_t1_outer_div w3_wprs-row wprevprodiv\">\r\n\t\t\t\t\t<div class=\" wprevpro_t1_DIV_1 w3_wprs-col l4 outerrevdiv\">\r\n\t\t\t<div class=\"indrevdiv wprevpro_t1_DIV_2 wprev_preview_bg1_T1 wprev_preview_bradius_T1\">\r\n\t\t\t\t<div class=\"indrevtxt wprevpro_t1_P_3 wprev_preview_tcolor1_T1\">\t\t\t\t\t<span class=\"wprevpro_star_imgs_T1\"><span class=\"starloc1 wprevpro_star_imgs wprevpro_star_imgsloc1\"><span class=\"svgicons svg-wprsp-star\"><\/span><span class=\"svgicons svg-wprsp-star\"><\/span><span class=\"svgicons svg-wprsp-star\"><\/span><span class=\"svgicons svg-wprsp-star\"><\/span><span class=\"svgicons svg-wprsp-star\"><\/span><\/span><\/span>Excellent service. Produis de qualit\u00e9s.  Beaucoup de choix pour nos meubles de patio.\t\t\t\t<\/div>\r\n\t\t\t\t\t\t\t\t\t\t\t\t\t\t\t\t<a href=\"https:\/\/www.google.com\/maps\/contrib\/110514085940362288930\/place\/ChIJw3wsEs0XyUwRDWDETUG9TEA\" target=\"_blank\" rel=\"nofollow noreferrer\" class=\"wprevpro_t1_site_logo_a\"><img decoding=\"async\" width=32 height=32 src=\"https:\/\/jmlinc.com\/wp-content\/plugins\/wp-review-slider-pro\/public\/partials\/imgs\/google_small_icon.svg\" alt=\"Google Logo\" class=\"wprevpro_t1_site_logo wprevsiteicon \"><\/a>\t\t\t<\/div><span class=\"wprevpro_t1_A_8\"><img decoding=\"async\" loading=\"lazy\" src=\"https:\/\/lh3.googleusercontent.com\/a\/AEdFTp7ZwbBh6QRiyDW13bmplzCQAthckqlafx9bomKm=s240-c-c0x00000000-cc-rp-mo-br100\" alt=\"Charles Masse Avatar\" class=\"wprevpro_t1_IMG_4 wprevpro_avatarimg\" \/><\/span> <div class=\"wprevpro_t1_SPAN_5 wprev_preview_tcolor2_T1\"><div class=\"wprevpro_t1_rname wprevname\" >Charles Masse<\/div><div class=\"wprev_showdate_T1 wprevdate\">2\/07\/2021<\/div> <\/div>\r\n\t\t\t\r\n\t\t<\/div>\r\n\t\t\r\n\t\t\t<div class=\" wprevpro_t1_DIV_1 w3_wprs-col l4 outerrevdiv\">\r\n\t\t\t<div class=\"indrevdiv wprevpro_t1_DIV_2 wprev_preview_bg1_T1 wprev_preview_bradius_T1\">\r\n\t\t\t\t<div class=\"indrevtxt wprevpro_t1_P_3 wprev_preview_tcolor1_T1\">\t\t\t\t\t<span class=\"wprevpro_star_imgs_T1\"><span class=\"starloc1 wprevpro_star_imgs wprevpro_star_imgsloc1\"><span class=\"svgicons svg-wprsp-star\"><\/span><span class=\"svgicons svg-wprsp-star\"><\/span><span class=\"svgicons svg-wprsp-star\"><\/span><span class=\"svgicons svg-wprsp-star\"><\/span><span class=\"svgicons svg-wprsp-star-o\"><\/span><\/span><\/span>\t\t\t\t<\/div>\r\n\t\t\t\t\t\t\t\t\t\t\t\t\t\t\t\t<a href=\"https:\/\/www.google.com\/maps\/contrib\/102001217004297888364\/place\/ChIJw3wsEs0XyUwRDWDETUG9TEA\" target=\"_blank\" rel=\"nofollow noreferrer\" class=\"wprevpro_t1_site_logo_a\"><img decoding=\"async\" width=32 height=32 src=\"https:\/\/jmlinc.com\/wp-content\/plugins\/wp-review-slider-pro\/public\/partials\/imgs\/google_small_icon.svg\" alt=\"Google Logo\" class=\"wprevpro_t1_site_logo wprevsiteicon \"><\/a>\t\t\t<\/div><span class=\"wprevpro_t1_A_8\"><img decoding=\"async\" loading=\"lazy\" src=\"https:\/\/lh3.googleusercontent.com\/a-\/AD5-WCny-jEWnmjBNd808GjOJ4tOReZcqxraSNyGi7tn25o=s240-c-c0x00000000-cc-rp-mo-ba4-br100\" alt=\"Pierre B\u00e9langer Avatar\" class=\"wprevpro_t1_IMG_4 wprevpro_avatarimg\" \/><\/span> <div class=\"wprevpro_t1_SPAN_5 wprev_preview_tcolor2_T1\"><div class=\"wprevpro_t1_rname wprevname\" >Pierre B\u00e9langer<\/div><div class=\"wprev_showdate_T1 wprevdate\">2\/07\/2019<\/div> <\/div>\r\n\t\t\t\r\n\t\t<\/div>\r\n\t\t\r\n\t\t\t<div class=\" wprevpro_t1_DIV_1 w3_wprs-col l4 outerrevdiv\">\r\n\t\t\t<div class=\"indrevdiv wprevpro_t1_DIV_2 wprev_preview_bg1_T1 wprev_preview_bradius_T1\">\r\n\t\t\t\t<div class=\"indrevtxt wprevpro_t1_P_3 wprev_preview_tcolor1_T1\">\t\t\t\t\t<span class=\"wprevpro_star_imgs_T1\"><span class=\"starloc1 wprevpro_star_imgs wprevpro_star_imgsloc1\"><span class=\"svgicons svg-wprsp-star\"><\/span><span class=\"svgicons svg-wprsp-star\"><\/span><span class=\"svgicons svg-wprsp-star\"><\/span><span class=\"svgicons svg-wprsp-star\"><\/span><span class=\"svgicons svg-wprsp-star\"><\/span><\/span><\/span>\t\t\t\t<\/div>\r\n\t\t\t\t\t\t\t\t\t\t\t\t\t\t\t\t<a href=\"https:\/\/www.google.com\/maps\/contrib\/112500000548748868036\/place\/ChIJw3wsEs0XyUwRDWDETUG9TEA\" target=\"_blank\" rel=\"nofollow noreferrer\" class=\"wprevpro_t1_site_logo_a\"><img decoding=\"async\" width=32 height=32 src=\"https:\/\/jmlinc.com\/wp-content\/plugins\/wp-review-slider-pro\/public\/partials\/imgs\/google_small_icon.svg\" alt=\"Google Logo\" class=\"wprevpro_t1_site_logo wprevsiteicon \"><\/a>\t\t\t<\/div><span class=\"wprevpro_t1_A_8\"><img decoding=\"async\" loading=\"lazy\" src=\"https:\/\/lh3.googleusercontent.com\/a-\/AD5-WClrGPKPqYz-kZFQ_2r_xH_-QRkl2FB6Qy4naxvTLg=s240-c-c0x00000000-cc-rp-mo-ba4-br100\" alt=\"pierre matte Avatar\" class=\"wprevpro_t1_IMG_4 wprevpro_avatarimg\" \/><\/span> <div class=\"wprevpro_t1_SPAN_5 wprev_preview_tcolor2_T1\"><div class=\"wprevpro_t1_rname wprevname\" >pierre matte<\/div><div class=\"wprev_showdate_T1 wprevdate\">2\/07\/2018<\/div> <\/div>\r\n\t\t\t\r\n\t\t<\/div>\r\n\t\t\r\n\t\t<\/div>\r\n\t\t\t\t<div class=\"wprevpro_t1_outer_div w3_wprs-row wprevprodiv\">\r\n\t\t\t\t\t<div class=\" wprevpro_t1_DIV_1 w3_wprs-col l4 outerrevdiv\">\r\n\t\t\t<div class=\"indrevdiv wprevpro_t1_DIV_2 wprev_preview_bg1_T1 wprev_preview_bradius_T1\">\r\n\t\t\t\t<div class=\"indrevtxt wprevpro_t1_P_3 wprev_preview_tcolor1_T1\">\t\t\t\t\t<span class=\"wprevpro_star_imgs_T1\"><span class=\"starloc1 wprevpro_star_imgs wprevpro_star_imgsloc1\"><span class=\"svgicons svg-wprsp-star\"><\/span><span class=\"svgicons svg-wprsp-star\"><\/span><span class=\"svgicons svg-wprsp-star\"><\/span><span class=\"svgicons svg-wprsp-star\"><\/span><span class=\"svgicons svg-wprsp-star\"><\/span><\/span><\/span>Nice people to work with, I've bought my patio furniture from them and was extremely happy with the service and the furniture was very good quality at a good price, they sell high end items, but you won'y have to buy a new set in 3 years. I had such a good experience I felt they deserved a positive review. It's not easy to find people or business that treat you right, most places just want what's in your wallet. These guys take the time to help you pick the right outdoor high end furniture for your style and budget, my back yard looks like a high end hotel.\t\t\t\t<\/div>\r\n\t\t\t\t\t\t\t\t\t\t\t\t\t\t\t\t<a href=\"https:\/\/www.google.com\/maps\/contrib\/108006193052273571496\/place\/ChIJw3wsEs0XyUwRDWDETUG9TEA\" target=\"_blank\" rel=\"nofollow noreferrer\" class=\"wprevpro_t1_site_logo_a\"><img decoding=\"async\" width=32 height=32 src=\"https:\/\/jmlinc.com\/wp-content\/plugins\/wp-review-slider-pro\/public\/partials\/imgs\/google_small_icon.svg\" alt=\"Google Logo\" class=\"wprevpro_t1_site_logo wprevsiteicon \"><\/a>\t\t\t<\/div><span class=\"wprevpro_t1_A_8\"><img decoding=\"async\" loading=\"lazy\" src=\"https:\/\/lh3.googleusercontent.com\/a\/AEdFTp45kgCdWtvx1PSuxPwMIfIrC3uxKmJTHOzBquhL=s240-c-c0x00000000-cc-rp-mo-ba3-br100\" alt=\"Gary Driver Avatar\" class=\"wprevpro_t1_IMG_4 wprevpro_avatarimg\" \/><\/span> <div class=\"wprevpro_t1_SPAN_5 wprev_preview_tcolor2_T1\"><div class=\"wprevpro_t1_rname wprevname\" >Gary Driver<\/div><div class=\"wprev_showdate_T1 wprevdate\">2\/07\/2015<\/div> <\/div>\r\n\t\t\t\r\n\t\t<\/div>\r\n\t\t\r\n\t\t<\/div>\r\n\t<\/div><\/div>\n[\/vc_column_text][\/vc_column][\/vc_row]\n<\/div>","protected":false},"excerpt":{"rendered":"<p>[vc_row][vc_column width=&#8221;1\/6&#8243;][\/vc_column][vc_column width=&#8221;2\/3&#8243;][\/vc_column][vc_column width=&#8221;1\/6&#8243;][\/vc_column][\/vc_row][vc_row][vc_column][mk_fancy_title tag_name=&#8221;span&#8221; force_font_size=&#8221;true&#8221; font_family=&#8221;none&#8221;] Did you like your experience at JML Inc? [\/mk_fancy_title][vc_column_text align=&#8221;center&#8221; css=&#8221;.vc_custom_1675864598974{margin-bottom: 0px !important;}&#8221;]Your opinion is very important to us. We greatly appreciate receiving your feedback in order to provide you with exceptional customer experience. Looking forward to reading you![\/vc_column_text][vc_row_inner css=&#8221;.vc_custom_1675864495509{padding-top: 10px !important;padding-bottom: 30px !important;}&#8221;][vc_column_inner width=&#8221;1\/2&#8243;][mk_button dimension=&#8221;flat&#8221; size=&#8221;large&#8221; url=&#8221;https:\/\/g.page\/r\/CQ1gxE1BvUxAEB0\/review&#8221; [&hellip;]<\/p>\n","protected":false},"author":29,"featured_media":0,"parent":0,"menu_order":0,"comment_status":"closed","ping_status":"closed","template":"","meta":{"_uf_show_specific_survey":0,"_uf_disable_surveys":false,"_themeisle_gutenberg_block_has_review":false,"footnotes":""},"class_list":["post-1296","page","type-page","status-publish","hentry"],"yoast_head":"<!-- This site is optimized with the Yoast SEO plugin v26.9 - https:\/\/yoast.com\/product\/yoast-seo-wordpress\/ -->\n<title>Testimonials on our outdoor furniture | JML inc.<\/title>\n<meta name=\"description\" content=\"Our customers testify to the quality and comfort of our outdoor furniture. Read their opinions and get inspired for your project!\" \/>\n<meta name=\"robots\" content=\"index, follow, max-snippet:-1, max-image-preview:large, max-video-preview:-1\" \/>\n<link rel=\"canonical\" href=\"https:\/\/jmlinc.com\/en\/testimonials\/\" \/>\n<meta property=\"og:locale\" content=\"en_US\" \/>\n<meta property=\"og:type\" content=\"article\" \/>\n<meta property=\"og:title\" content=\"Testimonials on our outdoor furniture | JML inc.\" \/>\n<meta property=\"og:description\" content=\"Our customers testify to the quality and comfort of our outdoor furniture. Read their opinions and get inspired for your project!\" \/>\n<meta property=\"og:url\" content=\"https:\/\/jmlinc.com\/en\/testimonials\/\" \/>\n<meta property=\"og:site_name\" content=\"JML inc.\" \/>\n<meta property=\"article:publisher\" content=\"https:\/\/www.facebook.com\/MeublesExterieursJMLInc\/\" \/>\n<meta property=\"article:modified_time\" content=\"2024-11-13T15:30:25+00:00\" \/>\n<meta name=\"twitter:card\" content=\"summary_large_image\" \/>\n<meta name=\"twitter:label1\" content=\"Est. reading time\" \/>\n\t<meta name=\"twitter:data1\" content=\"1 minute\" \/>\n<script type=\"application\/ld+json\" class=\"yoast-schema-graph\">{\"@context\":\"https:\/\/schema.org\",\"@graph\":[{\"@type\":\"WebPage\",\"@id\":\"https:\/\/jmlinc.com\/en\/testimonials\/\",\"url\":\"https:\/\/jmlinc.com\/en\/testimonials\/\",\"name\":\"Testimonials on our outdoor furniture | JML inc.\",\"isPartOf\":{\"@id\":\"https:\/\/jmlinc.com\/en\/#website\"},\"datePublished\":\"2019-01-18T19:11:43+00:00\",\"dateModified\":\"2024-11-13T15:30:25+00:00\",\"description\":\"Our customers testify to the quality and comfort of our outdoor furniture. Read their opinions and get inspired for your project!\",\"breadcrumb\":{\"@id\":\"https:\/\/jmlinc.com\/en\/testimonials\/#breadcrumb\"},\"inLanguage\":\"en-CA\",\"potentialAction\":[{\"@type\":\"ReadAction\",\"target\":[\"https:\/\/jmlinc.com\/en\/testimonials\/\"]}]},{\"@type\":\"BreadcrumbList\",\"@id\":\"https:\/\/jmlinc.com\/en\/testimonials\/#breadcrumb\",\"itemListElement\":[{\"@type\":\"ListItem\",\"position\":1,\"name\":\"Home\",\"item\":\"https:\/\/jmlinc.com\/en\/\"},{\"@type\":\"ListItem\",\"position\":2,\"name\":\"Testimonials\"}]},{\"@type\":\"WebSite\",\"@id\":\"https:\/\/jmlinc.com\/en\/#website\",\"url\":\"https:\/\/jmlinc.com\/en\/\",\"name\":\"JML inc.\",\"description\":\"\",\"publisher\":{\"@id\":\"https:\/\/jmlinc.com\/en\/#organization\"},\"potentialAction\":[{\"@type\":\"SearchAction\",\"target\":{\"@type\":\"EntryPoint\",\"urlTemplate\":\"https:\/\/jmlinc.com\/en\/?s={search_term_string}\"},\"query-input\":{\"@type\":\"PropertyValueSpecification\",\"valueRequired\":true,\"valueName\":\"search_term_string\"}}],\"inLanguage\":\"en-CA\"},{\"@type\":\"Organization\",\"@id\":\"https:\/\/jmlinc.com\/en\/#organization\",\"name\":\"JML Inc.\",\"url\":\"https:\/\/jmlinc.com\/en\/\",\"logo\":{\"@type\":\"ImageObject\",\"inLanguage\":\"en-CA\",\"@id\":\"https:\/\/jmlinc.com\/en\/#\/schema\/logo\/image\/\",\"url\":\"https:\/\/jmlinc.com\/wp-content\/uploads\/logo-jml-crop-white-320w-en-opt.png\",\"contentUrl\":\"https:\/\/jmlinc.com\/wp-content\/uploads\/logo-jml-crop-white-320w-en-opt.png\",\"width\":338,\"height\":90,\"caption\":\"JML Inc.\"},\"image\":{\"@id\":\"https:\/\/jmlinc.com\/en\/#\/schema\/logo\/image\/\"},\"sameAs\":[\"https:\/\/www.facebook.com\/MeublesExterieursJMLInc\/\",\"https:\/\/www.instagram.com\/meublesjml\/\",\"https:\/\/www.linkedin.com\/company\/mobilier-exterieur-jml\/\",\"https:\/\/www.pinterest.fr\/mobilierjmlinc\/\"]}]}<\/script>\n<!-- \/ Yoast SEO plugin. -->","yoast_head_json":{"title":"Testimonials on our outdoor furniture | JML inc.","description":"Our customers testify to the quality and comfort of our outdoor furniture. Read their opinions and get inspired for your project!","robots":{"index":"index","follow":"follow","max-snippet":"max-snippet:-1","max-image-preview":"max-image-preview:large","max-video-preview":"max-video-preview:-1"},"canonical":"https:\/\/jmlinc.com\/en\/testimonials\/","og_locale":"en_US","og_type":"article","og_title":"Testimonials on our outdoor furniture | JML inc.","og_description":"Our customers testify to the quality and comfort of our outdoor furniture. Read their opinions and get inspired for your project!","og_url":"https:\/\/jmlinc.com\/en\/testimonials\/","og_site_name":"JML inc.","article_publisher":"https:\/\/www.facebook.com\/MeublesExterieursJMLInc\/","article_modified_time":"2024-11-13T15:30:25+00:00","twitter_card":"summary_large_image","twitter_misc":{"Est. reading time":"1 minute"},"schema":{"@context":"https:\/\/schema.org","@graph":[{"@type":"WebPage","@id":"https:\/\/jmlinc.com\/en\/testimonials\/","url":"https:\/\/jmlinc.com\/en\/testimonials\/","name":"Testimonials on our outdoor furniture | JML inc.","isPartOf":{"@id":"https:\/\/jmlinc.com\/en\/#website"},"datePublished":"2019-01-18T19:11:43+00:00","dateModified":"2024-11-13T15:30:25+00:00","description":"Our customers testify to the quality and comfort of our outdoor furniture. Read their opinions and get inspired for your project!","breadcrumb":{"@id":"https:\/\/jmlinc.com\/en\/testimonials\/#breadcrumb"},"inLanguage":"en-CA","potentialAction":[{"@type":"ReadAction","target":["https:\/\/jmlinc.com\/en\/testimonials\/"]}]},{"@type":"BreadcrumbList","@id":"https:\/\/jmlinc.com\/en\/testimonials\/#breadcrumb","itemListElement":[{"@type":"ListItem","position":1,"name":"Home","item":"https:\/\/jmlinc.com\/en\/"},{"@type":"ListItem","position":2,"name":"Testimonials"}]},{"@type":"WebSite","@id":"https:\/\/jmlinc.com\/en\/#website","url":"https:\/\/jmlinc.com\/en\/","name":"JML inc.","description":"","publisher":{"@id":"https:\/\/jmlinc.com\/en\/#organization"},"potentialAction":[{"@type":"SearchAction","target":{"@type":"EntryPoint","urlTemplate":"https:\/\/jmlinc.com\/en\/?s={search_term_string}"},"query-input":{"@type":"PropertyValueSpecification","valueRequired":true,"valueName":"search_term_string"}}],"inLanguage":"en-CA"},{"@type":"Organization","@id":"https:\/\/jmlinc.com\/en\/#organization","name":"JML Inc.","url":"https:\/\/jmlinc.com\/en\/","logo":{"@type":"ImageObject","inLanguage":"en-CA","@id":"https:\/\/jmlinc.com\/en\/#\/schema\/logo\/image\/","url":"https:\/\/jmlinc.com\/wp-content\/uploads\/logo-jml-crop-white-320w-en-opt.png","contentUrl":"https:\/\/jmlinc.com\/wp-content\/uploads\/logo-jml-crop-white-320w-en-opt.png","width":338,"height":90,"caption":"JML Inc."},"image":{"@id":"https:\/\/jmlinc.com\/en\/#\/schema\/logo\/image\/"},"sameAs":["https:\/\/www.facebook.com\/MeublesExterieursJMLInc\/","https:\/\/www.instagram.com\/meublesjml\/","https:\/\/www.linkedin.com\/company\/mobilier-exterieur-jml\/","https:\/\/www.pinterest.fr\/mobilierjmlinc\/"]}]}},"_links":{"self":[{"href":"https:\/\/jmlinc.com\/en\/wp-json\/wp\/v2\/pages\/1296","targetHints":{"allow":["GET"]}}],"collection":[{"href":"https:\/\/jmlinc.com\/en\/wp-json\/wp\/v2\/pages"}],"about":[{"href":"https:\/\/jmlinc.com\/en\/wp-json\/wp\/v2\/types\/page"}],"author":[{"embeddable":true,"href":"https:\/\/jmlinc.com\/en\/wp-json\/wp\/v2\/users\/29"}],"replies":[{"embeddable":true,"href":"https:\/\/jmlinc.com\/en\/wp-json\/wp\/v2\/comments?post=1296"}],"version-history":[{"count":0,"href":"https:\/\/jmlinc.com\/en\/wp-json\/wp\/v2\/pages\/1296\/revisions"}],"wp:attachment":[{"href":"https:\/\/jmlinc.com\/en\/wp-json\/wp\/v2\/media?parent=1296"}],"curies":[{"name":"wp","href":"https:\/\/api.w.org\/{rel}","templated":true}]}}