{"id":1000,"date":"2018-11-13T15:32:16","date_gmt":"2018-11-13T20:32:16","guid":{"rendered":"http:\/\/jmlinc.com\/mobilier-exterieur-commercial\/"},"modified":"2024-12-18T15:54:34","modified_gmt":"2024-12-18T20:54:34","slug":"commercial-outdoor-furniture","status":"publish","type":"page","link":"https:\/\/jmlinc.com\/en\/commercial-outdoor-furniture\/","title":{"rendered":"Commercial"},"content":{"rendered":"<div class=\"wpb-content-wrapper\">[mk_page_section bg_image=&#8221;https:\/\/jmlinc.com\/wp-content\/uploads\/pexels-andrea-piacquadio-1843768-scaled.jpg&#8221; bg_position=&#8221;center center&#8221; bg_repeat=&#8221;no-repeat&#8221; bg_stretch=&#8221;true&#8221; video_color_mask=&#8221;#000000&#8243; video_opacity=&#8221;0.42&#8243; min_height=&#8221;850&#8243; js_vertical_centered=&#8221;true&#8221; padding_top=&#8221;0&#8243; padding_bottom=&#8221;0&#8243; sidebar=&#8221;sidebar-1&#8243;][vc_column][mk_fancy_title tag_name=&#8221;span&#8221; color=&#8221;#ffffff&#8221; size=&#8221;21&#8243; force_font_size=&#8221;true&#8221; size_phone=&#8221;15&#8243; font_weight=&#8221;500&#8243; txt_transform=&#8221;none&#8221; letter_spacing=&#8221;5&#8243; margin_bottom=&#8221;10&#8243; font_family=&#8221;Montserrat&#8221; font_type=&#8221;google&#8221; align=&#8221;center&#8221;]Hotels, restaurants, retirement homes&#8230;[\/mk_fancy_title][mk_fancy_title tag_name=&#8221;h1&#8243; color=&#8221;#ffffff&#8221; size=&#8221;50&#8243; force_font_size=&#8221;true&#8221; size_tablet=&#8221;50&#8243; size_phone=&#8221;25&#8243; font_weight=&#8221;500&#8243; txt_transform=&#8221;none&#8221; font_family=&#8221;Playfair+Display&#8221; font_type=&#8221;google&#8221; align=&#8221;center&#8221;]A wide selection of commercial outdoor furniture for your business[\/mk_fancy_title][vc_row_inner visibility=&#8221;hidden-sm&#8221;][vc_column_inner width=&#8221;1\/12&#8243;][\/vc_column_inner][vc_column_inner width=&#8221;10\/12&#8243;][vc_column_text disable_pattern=&#8221;false&#8221; align=&#8221;center&#8221; margin_bottom=&#8221;40&#8243; css=&#8221;.vc_custom_1691777460033{margin-bottom: 40px !important;}&#8221;]<span style=\"color: #ffffff;\">JML has been furnishing outdoor spaces in commercial settings of all kinds since 1990. Owners and management for hotels, inns, restaurants, condos, retirement homes, public institutions and even golf courses, have called on JML, for all their outdoor furnishing needs.<\/span>[\/vc_column_text][mk_button dimension=&#8221;outline&#8221; corner_style=&#8221;rounded&#8221; size=&#8221;large&#8221; url=&#8221;https:\/\/jmlinc.com\/en\/outdoor-products\/commercial-catalogues\/&#8221; align=&#8221;center&#8221; outline_skin=&#8221;light&#8221;]View our commercial catalogues[\/mk_button][mk_button dimension=&#8221;outline&#8221; corner_style=&#8221;rounded&#8221; size=&#8221;large&#8221; url=&#8221;\/contactez-meubles-exterieurs-JML\/&#8221; align=&#8221;center&#8221; outline_skin=&#8221;light&#8221;]Ask for a quote[\/mk_button][\/vc_column_inner][vc_column_inner width=&#8221;1\/12&#8243;][\/vc_column_inner][\/vc_row_inner][\/vc_column][\/mk_page_section][vc_row][vc_column][mk_padding_divider][\/vc_column][\/vc_row][vc_row][vc_column width=&#8221;1\/5&#8243;][vc_single_image image=&#8221;467&#8243; img_size=&#8221;full&#8221; alignment=&#8221;center&#8221; onclick=&#8221;custom_link&#8221; img_link_target=&#8221;_blank&#8221;][\/vc_column][vc_column width=&#8221;1\/5&#8243;][vc_single_image image=&#8221;465&#8243; img_size=&#8221;full&#8221; alignment=&#8221;center&#8221; onclick=&#8221;custom_link&#8221; img_link_target=&#8221;_blank&#8221;][\/vc_column][vc_column width=&#8221;1\/5&#8243;][vc_single_image image=&#8221;463&#8243; img_size=&#8221;full&#8221; alignment=&#8221;center&#8221; onclick=&#8221;custom_link&#8221; img_link_target=&#8221;_blank&#8221;][\/vc_column][vc_column width=&#8221;1\/5&#8243;][vc_single_image image=&#8221;461&#8243; img_size=&#8221;full&#8221; alignment=&#8221;center&#8221; onclick=&#8221;custom_link&#8221; img_link_target=&#8221;_blank&#8221;][\/vc_column][vc_column width=&#8221;1\/5&#8243;][vc_single_image image=&#8221;3686&#8243;][\/vc_column][\/vc_row][vc_row][vc_column][vc_column_text css=&#8221;.vc_custom_1734555270495{margin-bottom: 0px !important;}&#8221;]\n<h2>Our wide range of products<\/h2>\n<p><strong>Every solution for outdoor living<\/strong><\/p>\n<p>JML is a leader for quality, commercial outdoor furnishings, as well as for umbrellas, swings, awnings and custom exterior curtains. In fact, we\u2019re listed as a Design Business by the 2018 Design Guide and is member of ARQ (Association des Restaurateurs du Qu\u00e9bec), AHQ (Hotel Association of Qu\u00e9bec) and F\u00e9d\u00e9ration des copropri\u00e9taires du Qu\u00e9bec.<\/p>\n<p><span data-sheets-root=\"1\">Equip your professional outdoor spaces with solutions tailored to your needs. Our <a href=\"https:\/\/jmlinc.com\/en\/outdoor-products\/outdoor-commercial-furniture\/\">premium commercial outdoor furniture<\/a> combines durability and aesthetics to provide optimum comfort for your customers. <a href=\"https:\/\/jmlinc.com\/en\/outdoor-products\/commercial-umbrellas\/\">Commercial sunshades<\/a> for patios and terraces protect your spaces from the sun while adding a sophisticated touch. For more privacy or better space management, opt for our <a href=\"https:\/\/jmlinc.com\/en\/outdoor-products\/custom-curtains\/\">divider curtains and track curtains<\/a>. <a href=\"https:\/\/jmlinc.com\/en\/outdoor-products\/swings\/\">Suspended or glider swings<\/a> add a unique charm, while our <a href=\"https:\/\/jmlinc.com\/en\/outdoor-products\/retractable-awnings\/\">retractable awnings<\/a> provide functional and elegant shelter. Add value to your establishment and create a welcoming, refined outdoor experience with JML, your <a href=\"https:\/\/jmlinc.com\/en\/\">outdoor furniture specialist<\/a>.<\/span>[\/vc_column_text][mk_padding_divider][mk_portfolio column=&#8221;5&#8243; meta_type=&#8221;none&#8221; sortable=&#8221;false&#8221; categories=&#8221;commercial-categorie&#8221; posts=&#8221;1061, 1051, 1054, 1059, 1057&#8243;][mk_padding_divider size=&#8221;90&#8243;][mk_button dimension=&#8221;outline&#8221; corner_style=&#8221;rounded&#8221; size=&#8221;xx-large&#8221; url=&#8221;https:\/\/jmlinc.com\/en\/outdoor-products\/commercial-catalogues\/&#8221; align=&#8221;center&#8221; outline_skin=&#8221;custom&#8221; outline_active_color=&#8221;#000000&#8243; outline_hover_bg_color=&#8221;#e2e2e2&#8243; outline_hover_color=&#8221;#ffffff&#8221;]Discover our commercial collections[\/mk_button][mk_padding_divider][\/vc_column][\/vc_row][mk_page_section bg_color=&#8221;#f6f6f7&#8243; full_width=&#8221;true&#8221; padding_top=&#8221;0&#8243; padding_bottom=&#8221;0&#8243; sidebar=&#8221;sidebar-1&#8243;][vc_column width=&#8221;1\/12&#8243;][\/vc_column][vc_column width=&#8221;5\/12&#8243;][mk_padding_divider size=&#8221;80&#8243; visibility=&#8221;hidden-sm&#8221;][vc_column_text css=&#8221;.vc_custom_1691777695961{margin-bottom: 0px !important;}&#8221;]\n<h2>Commercial outdoor furniture specialists<\/h2>\n[\/vc_column_text][mk_padding_divider][mk_button dimension=&#8221;outline&#8221; size=&#8221;x-large&#8221; url=&#8221;#clients&#8221;]Discover our commercial projects[\/mk_button][\/vc_column][vc_column width=&#8221;1\/12&#8243; css=&#8221;.vc_custom_1540913884266{margin-top: 0px !important;margin-right: 0px !important;margin-bottom: 0px !important;margin-left: 0px !important;border-top-width: 0px !important;border-right-width: 0px !important;border-bottom-width: 0px !important;border-left-width: 0px !important;padding-top: 0px !important;padding-right: 0px !important;padding-bottom: 0px !important;padding-left: 0px !important;}&#8221;][\/vc_column][vc_column width=&#8221;5\/12&#8243;][mk_gallery images=&#8221;7280,785,7282,6351,6349,7272,7211,7278,7276,7270&#8243; style=&#8221;style2&#8243; height=&#8221;350&#8243; hover_scenarios=&#8221;slow_zoom&#8221; item_spacing=&#8221;0&#8243; margin_bottom=&#8221;0&#8243; orderby=&#8221;post__in&#8221;][\/vc_column][\/mk_page_section][mk_page_section bg_color=&#8221;#f1f1f1&#8243; padding_top=&#8221;90&#8243; padding_bottom=&#8221;90&#8243; sidebar=&#8221;sidebar-1&#8243;][vc_column][vc_column_text align=&#8221;center&#8221; css=&#8221;.vc_custom_1731527929383{margin-bottom: 0px !important;padding-bottom: 40px !important;}&#8221;]\n<h2>Our commercial clients<\/h2>\n[\/vc_column_text][vc_row_inner el_id=&#8221;clients&#8221;][vc_column_inner width=&#8221;1\/3&#8243;][vc_column_text css=&#8221;.vc_custom_1731527956520{margin-bottom: 0px !important;}&#8221;]\n<h3>Hotels<\/h3>\n<p>Delta Montreal and Toronto<br \/>\nSheraton Laval<br \/>\nLoews Hotel Vogue Montreal<br \/>\nQuality Suites Drummondville &amp; Quebec<br \/>\nHoliday Inn Montreal<br \/>\nCambridge Suites N.S.<br \/>\nBest Western Qu\u00e9bec<\/p>\n<h3>Country Inns<\/h3>\n<p>Auberge le Baluchon<br \/>\nLe Manoir Rouville Campbell<br \/>\nLe Ripplecove Ayer\u2019s Cliff Auberge de la Falaise La Malbaie<\/p>\n<h3>Restaurants<\/h3>\n<p>L\u2019Gros Luxe (Montr\u00e9al, Qu\u00e9bec, Longueuil, Chicoutimi, Victoriaville, Sherbrooke)<br \/>\nMadison D.D.O.<br \/>\nLe Newtown Montr\u00e9al<br \/>\nOrigine Bistro<br \/>\nLa Scena<br \/>\nJardin Botanique<br \/>\nL\u2019Ambroisie Montr\u00e9al<br \/>\nCaf\u00e9 Vanhoutte Ste-Hyacinthe, St-Sauveur, Trois-Rivi\u00e8res<br \/>\nL\u2019Odyss\u00e9e Drummondville<br \/>\nBaton Rouge Boisbriand<br \/>\nH\u00e2lte Routi\u00e8re 174 Yamachiche<br \/>\nPremi\u00e8re Moisson[\/vc_column_text][\/vc_column_inner][vc_column_inner width=&#8221;1\/3&#8243;][vc_column_text css=&#8221;.vc_custom_1731527970793{margin-bottom: 0px !important;}&#8221;]\n<h3>Condominiums<\/h3>\n<p>Evolo Phases I &amp; II \u00cele-des-S\u0153urs<br \/>\nVerre sur Vert \u00cele-des-S\u0153urs<br \/>\nLe Sax Montr\u00e9al<br \/>\nLe Trafalgar Montr\u00e9al<br \/>\nVert Mezzanine Qu\u00e9bec<br \/>\nMa\u00eetre Carr\u00e9<br \/>\nTerrasse Patton Laval<br \/>\nH\u00e2vre St-Louis Dorval<br \/>\nIberville 9<\/p>\n<h3>Institutions<\/h3>\n<p>Le Mus\u00e9e des Beaux Arts de Qu\u00e9bec<br \/>\nLe Stade Uniprix Montr\u00e9al<br \/>\nHema Qu\u00e9bec St-Laurent<br \/>\nLe Casino de Charlevoix La Malbaie<br \/>\nPostes Canada<br \/>\nVille du Lac M\u00e9gantic<br \/>\nParc Des V\u00e9t\u00e9rans Montr\u00e9al<br \/>\nParc Maurice Richard Repentigny<\/p>\n<h3>Corporative terrasses<\/h3>\n<p>Pharma Science<br \/>\nAir Transat<br \/>\nQuorum<br \/>\nCaisse Populaire Desjardins Blainville[\/vc_column_text][\/vc_column_inner][vc_column_inner width=&#8221;1\/3&#8243;][vc_column_text css=&#8221;.vc_custom_1731527986834{margin-bottom: 0px !important;}&#8221;]\n<h3>Golf Courses<\/h3>\n<p>Club de Golf de Beaconsfield<br \/>\nClub de Golf de Rosem\u00e8re<br \/>\nClub de Golf Le Bois\u00e9<br \/>\nClub de Golf de Boucherville<\/p>\n<h3>Retirement Homes<\/h3>\n<p>Le Domaine de Forges Laval<br \/>\nSquare Phillips Gatineau<br \/>\nLes R\u00e9sidences Memphr\u00e9 Magog<br \/>\nLes Jardins Laviolette Trois-Rivi\u00e8res<br \/>\nR\u00e9sidences Jazz Drummondville<br \/>\nAvenue 32 Lachine<\/p>\n<h3>Design, architecture, and landscaping firms<\/h3>\n<p>Camdi Design<br \/>\nJardinzurbains<br \/>\nPaysages Rodier<br \/>\nVerdi Design<br \/>\nArt et Jardins<br \/>\nLemay Michaud<br \/>\nTomate Rouge<br \/>\nPhilippe C\u00f4t\u00e9 Design<br \/>\nCAB Deco<br \/>\nMarie-Maxime Design[\/vc_column_text][\/vc_column_inner][\/vc_row_inner][\/vc_column][\/mk_page_section][mk_page_section bg_color=&#8221;#454545&#8243; bg_repeat=&#8221;no-repeat&#8221; bg_stretch=&#8221;true&#8221; padding_top=&#8221;80&#8243; padding_bottom=&#8221;30&#8243; sidebar=&#8221;sidebar-1&#8243;][vc_column][mk_fancy_title tag_name=&#8221;span&#8221; color=&#8221;#ffffff&#8221; size=&#8221;20&#8243; force_font_size=&#8221;true&#8221; size_phone=&#8221;15&#8243; font_weight=&#8221;400&#8243; txt_transform=&#8221;none&#8221; letter_spacing=&#8221;4&#8243; margin_top=&#8221;5&#8243; font_family=&#8221;Montserrat&#8221; font_type=&#8221;google&#8221; align=&#8221;center&#8221;]Want to learn more about our products?[\/mk_fancy_title][mk_fancy_title color=&#8221;#ffffff&#8221; size=&#8221;40&#8243; force_font_size=&#8221;true&#8221; size_tablet=&#8221;40&#8243; size_phone=&#8221;25&#8243; font_weight=&#8221;500&#8243; txt_transform=&#8221;none&#8221; margin_bottom=&#8221;0&#8243; font_family=&#8221;Playfair+Display&#8221; font_type=&#8221;google&#8221; align=&#8221;center&#8221;]<a style=\"color: #fff;\" href=\"\/en\/contact-us\/\">Contact our outdoor furniture experts<\/a>[\/mk_fancy_title][\/vc_column][\/mk_page_section]\n<\/div>","protected":false},"excerpt":{"rendered":"<p>[mk_page_section bg_image=&#8221;https:\/\/jmlinc.com\/wp-content\/uploads\/pexels-andrea-piacquadio-1843768-scaled.jpg&#8221; bg_position=&#8221;center center&#8221; bg_repeat=&#8221;no-repeat&#8221; bg_stretch=&#8221;true&#8221; video_color_mask=&#8221;#000000&#8243; video_opacity=&#8221;0.42&#8243; min_height=&#8221;850&#8243; js_vertical_centered=&#8221;true&#8221; padding_top=&#8221;0&#8243; padding_bottom=&#8221;0&#8243; sidebar=&#8221;sidebar-1&#8243;][vc_column][mk_fancy_title tag_name=&#8221;span&#8221; color=&#8221;#ffffff&#8221; size=&#8221;21&#8243; force_font_size=&#8221;true&#8221; size_phone=&#8221;15&#8243; font_weight=&#8221;500&#8243; txt_transform=&#8221;none&#8221; letter_spacing=&#8221;5&#8243; margin_bottom=&#8221;10&#8243; font_family=&#8221;Montserrat&#8221; font_type=&#8221;google&#8221; align=&#8221;center&#8221;]Hotels, restaurants, retirement homes&#8230;[\/mk_fancy_title][mk_fancy_title tag_name=&#8221;h1&#8243; color=&#8221;#ffffff&#8221; size=&#8221;50&#8243; force_font_size=&#8221;true&#8221; size_tablet=&#8221;50&#8243; size_phone=&#8221;25&#8243; font_weight=&#8221;500&#8243; txt_transform=&#8221;none&#8221; font_family=&#8221;Playfair+Display&#8221; font_type=&#8221;google&#8221; align=&#8221;center&#8221;]A wide selection of commercial outdoor furniture for your business[\/mk_fancy_title][vc_row_inner visibility=&#8221;hidden-sm&#8221;][vc_column_inner width=&#8221;1\/12&#8243;][\/vc_column_inner][vc_column_inner width=&#8221;10\/12&#8243;][vc_column_text disable_pattern=&#8221;false&#8221; align=&#8221;center&#8221; margin_bottom=&#8221;40&#8243; css=&#8221;.vc_custom_1691777460033{margin-bottom: [&hellip;]<\/p>\n","protected":false},"author":29,"featured_media":7272,"parent":0,"menu_order":0,"comment_status":"closed","ping_status":"closed","template":"","meta":{"_uf_show_specific_survey":0,"_uf_disable_surveys":false,"_themeisle_gutenberg_block_has_review":false,"footnotes":""},"class_list":["post-1000","page","type-page","status-publish","has-post-thumbnail","hentry"],"yoast_head":"<!-- This site is optimized with the Yoast SEO plugin v26.9 - https:\/\/yoast.com\/product\/yoast-seo-wordpress\/ -->\n<title>Commercial Outdoor Furniture | JML inc.<\/title>\n<meta name=\"description\" content=\"JML has furnished the outdoor patios of many commercial clients, for all types of businesses, since 1990 - Contact us at 1-800-872-6205\" \/>\n<meta name=\"robots\" content=\"index, follow, max-snippet:-1, max-image-preview:large, max-video-preview:-1\" \/>\n<link rel=\"canonical\" href=\"https:\/\/jmlinc.com\/en\/commercial-outdoor-furniture\/\" \/>\n<meta property=\"og:locale\" content=\"en_US\" \/>\n<meta property=\"og:type\" content=\"article\" \/>\n<meta property=\"og:title\" content=\"Commercial Outdoor Furniture | JML inc.\" \/>\n<meta property=\"og:description\" content=\"JML has furnished the outdoor patios of many commercial clients, for all types of businesses, since 1990 - Contact us at 1-800-872-6205\" \/>\n<meta property=\"og:url\" content=\"https:\/\/jmlinc.com\/en\/commercial-outdoor-furniture\/\" \/>\n<meta property=\"og:site_name\" content=\"JML inc.\" \/>\n<meta property=\"article:publisher\" content=\"https:\/\/www.facebook.com\/MeublesExterieursJMLInc\/\" \/>\n<meta property=\"article:modified_time\" content=\"2024-12-18T20:54:34+00:00\" \/>\n<meta property=\"og:image\" content=\"https:\/\/jmlinc.com\/wp-content\/uploads\/copacabana-dining-club.jpg\" \/>\n\t<meta property=\"og:image:width\" content=\"1296\" \/>\n\t<meta property=\"og:image:height\" content=\"972\" \/>\n\t<meta property=\"og:image:type\" content=\"image\/jpeg\" \/>\n<meta name=\"twitter:card\" content=\"summary_large_image\" \/>\n<meta name=\"twitter:label1\" content=\"Est. reading time\" \/>\n\t<meta name=\"twitter:data1\" content=\"4 minutes\" \/>\n<script type=\"application\/ld+json\" class=\"yoast-schema-graph\">{\"@context\":\"https:\/\/schema.org\",\"@graph\":[{\"@type\":\"WebPage\",\"@id\":\"https:\/\/jmlinc.com\/en\/commercial-outdoor-furniture\/\",\"url\":\"https:\/\/jmlinc.com\/en\/commercial-outdoor-furniture\/\",\"name\":\"Commercial Outdoor Furniture | JML inc.\",\"isPartOf\":{\"@id\":\"https:\/\/jmlinc.com\/en\/#website\"},\"primaryImageOfPage\":{\"@id\":\"https:\/\/jmlinc.com\/en\/commercial-outdoor-furniture\/#primaryimage\"},\"image\":{\"@id\":\"https:\/\/jmlinc.com\/en\/commercial-outdoor-furniture\/#primaryimage\"},\"thumbnailUrl\":\"https:\/\/jmlinc.com\/wp-content\/uploads\/copacabana-dining-club.jpg\",\"datePublished\":\"2018-11-13T20:32:16+00:00\",\"dateModified\":\"2024-12-18T20:54:34+00:00\",\"description\":\"JML has furnished the outdoor patios of many commercial clients, for all types of businesses, since 1990 - Contact us at 1-800-872-6205\",\"breadcrumb\":{\"@id\":\"https:\/\/jmlinc.com\/en\/commercial-outdoor-furniture\/#breadcrumb\"},\"inLanguage\":\"en-CA\",\"potentialAction\":[{\"@type\":\"ReadAction\",\"target\":[\"https:\/\/jmlinc.com\/en\/commercial-outdoor-furniture\/\"]}]},{\"@type\":\"ImageObject\",\"inLanguage\":\"en-CA\",\"@id\":\"https:\/\/jmlinc.com\/en\/commercial-outdoor-furniture\/#primaryimage\",\"url\":\"https:\/\/jmlinc.com\/wp-content\/uploads\/copacabana-dining-club.jpg\",\"contentUrl\":\"https:\/\/jmlinc.com\/wp-content\/uploads\/copacabana-dining-club.jpg\",\"width\":1296,\"height\":972},{\"@type\":\"BreadcrumbList\",\"@id\":\"https:\/\/jmlinc.com\/en\/commercial-outdoor-furniture\/#breadcrumb\",\"itemListElement\":[{\"@type\":\"ListItem\",\"position\":1,\"name\":\"Home\",\"item\":\"https:\/\/jmlinc.com\/en\/\"},{\"@type\":\"ListItem\",\"position\":2,\"name\":\"Commercial\"}]},{\"@type\":\"WebSite\",\"@id\":\"https:\/\/jmlinc.com\/en\/#website\",\"url\":\"https:\/\/jmlinc.com\/en\/\",\"name\":\"JML inc.\",\"description\":\"\",\"publisher\":{\"@id\":\"https:\/\/jmlinc.com\/en\/#organization\"},\"potentialAction\":[{\"@type\":\"SearchAction\",\"target\":{\"@type\":\"EntryPoint\",\"urlTemplate\":\"https:\/\/jmlinc.com\/en\/?s={search_term_string}\"},\"query-input\":{\"@type\":\"PropertyValueSpecification\",\"valueRequired\":true,\"valueName\":\"search_term_string\"}}],\"inLanguage\":\"en-CA\"},{\"@type\":\"Organization\",\"@id\":\"https:\/\/jmlinc.com\/en\/#organization\",\"name\":\"JML Inc.\",\"url\":\"https:\/\/jmlinc.com\/en\/\",\"logo\":{\"@type\":\"ImageObject\",\"inLanguage\":\"en-CA\",\"@id\":\"https:\/\/jmlinc.com\/en\/#\/schema\/logo\/image\/\",\"url\":\"https:\/\/jmlinc.com\/wp-content\/uploads\/logo-jml-crop-white-320w-en-opt.png\",\"contentUrl\":\"https:\/\/jmlinc.com\/wp-content\/uploads\/logo-jml-crop-white-320w-en-opt.png\",\"width\":338,\"height\":90,\"caption\":\"JML Inc.\"},\"image\":{\"@id\":\"https:\/\/jmlinc.com\/en\/#\/schema\/logo\/image\/\"},\"sameAs\":[\"https:\/\/www.facebook.com\/MeublesExterieursJMLInc\/\",\"https:\/\/www.instagram.com\/meublesjml\/\",\"https:\/\/www.linkedin.com\/company\/mobilier-exterieur-jml\/\",\"https:\/\/www.pinterest.fr\/mobilierjmlinc\/\"]}]}<\/script>\n<!-- \/ Yoast SEO plugin. -->","yoast_head_json":{"title":"Commercial Outdoor Furniture | JML inc.","description":"JML has furnished the outdoor patios of many commercial clients, for all types of businesses, since 1990 - Contact us at 1-800-872-6205","robots":{"index":"index","follow":"follow","max-snippet":"max-snippet:-1","max-image-preview":"max-image-preview:large","max-video-preview":"max-video-preview:-1"},"canonical":"https:\/\/jmlinc.com\/en\/commercial-outdoor-furniture\/","og_locale":"en_US","og_type":"article","og_title":"Commercial Outdoor Furniture | JML inc.","og_description":"JML has furnished the outdoor patios of many commercial clients, for all types of businesses, since 1990 - Contact us at 1-800-872-6205","og_url":"https:\/\/jmlinc.com\/en\/commercial-outdoor-furniture\/","og_site_name":"JML inc.","article_publisher":"https:\/\/www.facebook.com\/MeublesExterieursJMLInc\/","article_modified_time":"2024-12-18T20:54:34+00:00","og_image":[{"width":1296,"height":972,"url":"https:\/\/jmlinc.com\/wp-content\/uploads\/copacabana-dining-club.jpg","type":"image\/jpeg"}],"twitter_card":"summary_large_image","twitter_misc":{"Est. reading time":"4 minutes"},"schema":{"@context":"https:\/\/schema.org","@graph":[{"@type":"WebPage","@id":"https:\/\/jmlinc.com\/en\/commercial-outdoor-furniture\/","url":"https:\/\/jmlinc.com\/en\/commercial-outdoor-furniture\/","name":"Commercial Outdoor Furniture | JML inc.","isPartOf":{"@id":"https:\/\/jmlinc.com\/en\/#website"},"primaryImageOfPage":{"@id":"https:\/\/jmlinc.com\/en\/commercial-outdoor-furniture\/#primaryimage"},"image":{"@id":"https:\/\/jmlinc.com\/en\/commercial-outdoor-furniture\/#primaryimage"},"thumbnailUrl":"https:\/\/jmlinc.com\/wp-content\/uploads\/copacabana-dining-club.jpg","datePublished":"2018-11-13T20:32:16+00:00","dateModified":"2024-12-18T20:54:34+00:00","description":"JML has furnished the outdoor patios of many commercial clients, for all types of businesses, since 1990 - Contact us at 1-800-872-6205","breadcrumb":{"@id":"https:\/\/jmlinc.com\/en\/commercial-outdoor-furniture\/#breadcrumb"},"inLanguage":"en-CA","potentialAction":[{"@type":"ReadAction","target":["https:\/\/jmlinc.com\/en\/commercial-outdoor-furniture\/"]}]},{"@type":"ImageObject","inLanguage":"en-CA","@id":"https:\/\/jmlinc.com\/en\/commercial-outdoor-furniture\/#primaryimage","url":"https:\/\/jmlinc.com\/wp-content\/uploads\/copacabana-dining-club.jpg","contentUrl":"https:\/\/jmlinc.com\/wp-content\/uploads\/copacabana-dining-club.jpg","width":1296,"height":972},{"@type":"BreadcrumbList","@id":"https:\/\/jmlinc.com\/en\/commercial-outdoor-furniture\/#breadcrumb","itemListElement":[{"@type":"ListItem","position":1,"name":"Home","item":"https:\/\/jmlinc.com\/en\/"},{"@type":"ListItem","position":2,"name":"Commercial"}]},{"@type":"WebSite","@id":"https:\/\/jmlinc.com\/en\/#website","url":"https:\/\/jmlinc.com\/en\/","name":"JML inc.","description":"","publisher":{"@id":"https:\/\/jmlinc.com\/en\/#organization"},"potentialAction":[{"@type":"SearchAction","target":{"@type":"EntryPoint","urlTemplate":"https:\/\/jmlinc.com\/en\/?s={search_term_string}"},"query-input":{"@type":"PropertyValueSpecification","valueRequired":true,"valueName":"search_term_string"}}],"inLanguage":"en-CA"},{"@type":"Organization","@id":"https:\/\/jmlinc.com\/en\/#organization","name":"JML Inc.","url":"https:\/\/jmlinc.com\/en\/","logo":{"@type":"ImageObject","inLanguage":"en-CA","@id":"https:\/\/jmlinc.com\/en\/#\/schema\/logo\/image\/","url":"https:\/\/jmlinc.com\/wp-content\/uploads\/logo-jml-crop-white-320w-en-opt.png","contentUrl":"https:\/\/jmlinc.com\/wp-content\/uploads\/logo-jml-crop-white-320w-en-opt.png","width":338,"height":90,"caption":"JML Inc."},"image":{"@id":"https:\/\/jmlinc.com\/en\/#\/schema\/logo\/image\/"},"sameAs":["https:\/\/www.facebook.com\/MeublesExterieursJMLInc\/","https:\/\/www.instagram.com\/meublesjml\/","https:\/\/www.linkedin.com\/company\/mobilier-exterieur-jml\/","https:\/\/www.pinterest.fr\/mobilierjmlinc\/"]}]}},"_links":{"self":[{"href":"https:\/\/jmlinc.com\/en\/wp-json\/wp\/v2\/pages\/1000","targetHints":{"allow":["GET"]}}],"collection":[{"href":"https:\/\/jmlinc.com\/en\/wp-json\/wp\/v2\/pages"}],"about":[{"href":"https:\/\/jmlinc.com\/en\/wp-json\/wp\/v2\/types\/page"}],"author":[{"embeddable":true,"href":"https:\/\/jmlinc.com\/en\/wp-json\/wp\/v2\/users\/29"}],"replies":[{"embeddable":true,"href":"https:\/\/jmlinc.com\/en\/wp-json\/wp\/v2\/comments?post=1000"}],"version-history":[{"count":0,"href":"https:\/\/jmlinc.com\/en\/wp-json\/wp\/v2\/pages\/1000\/revisions"}],"wp:featuredmedia":[{"embeddable":true,"href":"https:\/\/jmlinc.com\/en\/wp-json\/wp\/v2\/media\/7272"}],"wp:attachment":[{"href":"https:\/\/jmlinc.com\/en\/wp-json\/wp\/v2\/media?parent=1000"}],"curies":[{"name":"wp","href":"https:\/\/api.w.org\/{rel}","templated":true}]}}